{"id":2,"date":"2025-10-23T18:31:34","date_gmt":"2025-10-23T18:31:34","guid":{"rendered":"http:\/\/pgypbzn.cluster021.hosting.ovh.net\/?page_id=2"},"modified":"2025-10-25T09:01:04","modified_gmt":"2025-10-25T09:01:04","slug":"sample-page","status":"publish","type":"page","link":"https:\/\/urbaniak.eu\/","title":{"rendered":"Przewozy os\u00f3b mikrobusami"},"content":{"rendered":"\n<p class=\"has-medium-font-size\"><br><strong>Transport mikrobusami<br>\u2013 wygodnie, punktualnie, profesjonalnie<\/strong><\/p>\n\n\n\n<p class=\"has-large-font-size\"><strong>Numer telefonu: <strong>+48 603 654 907<\/strong> <\/strong><\/p>\n\n\n\n<p class=\"has-large-font-size\"><strong><strong>Email: biuro@urbaniak.eu<\/strong><\/strong><\/p>\n\n\n\n<p><\/p>\n\n\n\n<p class=\"has-large-font-size\"><\/p>\n\n\n\n<p><br>Kontakt:<\/p>\n\n\n\n<div class=\"wp-block-contact-form-7-contact-form-selector\">\n<div class=\"wpcf7 no-js\" id=\"wpcf7-f34-o1\" lang=\"en-US\" dir=\"ltr\" data-wpcf7-id=\"34\">\n<div class=\"screen-reader-response\"><p role=\"status\" aria-live=\"polite\" aria-atomic=\"true\"><\/p> <ul><\/ul><\/div>\n<form action=\"\/index.php\/wp-json\/wp\/v2\/pages\/2#wpcf7-f34-o1\" method=\"post\" class=\"wpcf7-form init\" aria-label=\"Contact form\" novalidate=\"novalidate\" data-status=\"init\">\n<fieldset class=\"hidden-fields-container\"><input type=\"hidden\" name=\"_wpcf7\" value=\"34\" \/><input type=\"hidden\" name=\"_wpcf7_version\" value=\"6.1.2\" \/><input type=\"hidden\" name=\"_wpcf7_locale\" value=\"en_US\" \/><input type=\"hidden\" name=\"_wpcf7_unit_tag\" value=\"wpcf7-f34-o1\" \/><input type=\"hidden\" name=\"_wpcf7_container_post\" value=\"0\" \/><input type=\"hidden\" name=\"_wpcf7_posted_data_hash\" value=\"\" \/>\n<\/fieldset>\n<p><label> Numer telefonu:<br \/>\n<span class=\"wpcf7-form-control-wrap\" data-name=\"your-name\"><input size=\"40\" maxlength=\"400\" class=\"wpcf7-form-control wpcf7-text wpcf7-validates-as-required\" autocomplete=\"name\" aria-required=\"true\" aria-invalid=\"false\" value=\"\" type=\"text\" name=\"your-name\" \/><\/span> <\/label>\n<\/p>\n<p><label> Email:<br \/>\n<span class=\"wpcf7-form-control-wrap\" data-name=\"your-email\"><input size=\"40\" maxlength=\"400\" class=\"wpcf7-form-control wpcf7-email wpcf7-validates-as-required wpcf7-text wpcf7-validates-as-email\" autocomplete=\"email\" aria-required=\"true\" aria-invalid=\"false\" value=\"\" type=\"email\" name=\"your-email\" \/><\/span> <\/label>\n<\/p>\n<p><label> Tre\u015b\u0107 wiadomo\u015bci:<br \/>\n<span class=\"wpcf7-form-control-wrap\" data-name=\"your-message\"><textarea cols=\"40\" rows=\"10\" maxlength=\"2000\" class=\"wpcf7-form-control wpcf7-textarea\" aria-invalid=\"false\" name=\"your-message\"><\/textarea><\/span> <\/label>\n<\/p>\n<p><input class=\"wpcf7-form-control wpcf7-submit has-spinner\" type=\"submit\" value=\"Wy\u015blij\" \/>\n<\/p><p style=\"display: none !important;\" class=\"akismet-fields-container\" data-prefix=\"_wpcf7_ak_\"><label>&#916;<textarea name=\"_wpcf7_ak_hp_textarea\" cols=\"45\" rows=\"8\" maxlength=\"100\"><\/textarea><\/label><input type=\"hidden\" id=\"ak_js_1\" name=\"_wpcf7_ak_js\" value=\"28\"\/><script>document.getElementById( \"ak_js_1\" ).setAttribute( \"value\", ( new Date() ).getTime() );<\/script><\/p><div class=\"wpcf7-response-output\" aria-hidden=\"true\"><\/div>\n<\/form>\n<\/div>\n<\/div>\n\n\n\n<p><\/p>\n\n\n\n<p class=\"has-medium-font-size\">O firmie:<br>Przewozy Os\u00f3b S\u0142awomir Urbaniak dzia\u0142a od 1993 roku,<br>oferuj\u0105c komfortowy transport mikrobusami w Polsce i za granic\u0119.<\/p>\n\n\n\n<p class=\"has-medium-font-size\">Obs\u0142ugujemy wyjazdy firmowe, transfery na lotniska, imprezy okoliczno\u015bciowe oraz przewozy pracownicze.<\/p>\n\n\n\n<p class=\"has-medium-font-size\">Nasz Fiat Ducato Panorama to 8 wygodnych foteli, klimatyzacja, gniazdka 230V i USB oraz du\u017cy baga\u017cnik \u2013 idealny na ka\u017cd\u0105 podr\u00f3\u017c.<\/p>\n\n\n\n<figure class=\"wp-block-gallery has-nested-images columns-default is-cropped wp-block-gallery-1 is-layout-flex wp-block-gallery-is-layout-flex\">\n<figure class=\"wp-block-image size-large\"><img loading=\"lazy\" decoding=\"async\" width=\"1024\" height=\"768\" data-id=\"30\" src=\"https:\/\/pgypbzn.cluster021.hosting.ovh.net\/wp-content\/uploads\/2025\/10\/Ducato1-scaled-1-1024x768.jpg\" alt=\"\" class=\"wp-image-30\" srcset=\"https:\/\/urbaniak.eu\/wp-content\/uploads\/2025\/10\/Ducato1-scaled-1-1024x768.jpg 1024w, https:\/\/urbaniak.eu\/wp-content\/uploads\/2025\/10\/Ducato1-scaled-1-300x225.jpg 300w, https:\/\/urbaniak.eu\/wp-content\/uploads\/2025\/10\/Ducato1-scaled-1-768x576.jpg 768w, https:\/\/urbaniak.eu\/wp-content\/uploads\/2025\/10\/Ducato1-scaled-1-1536x1152.jpg 1536w, https:\/\/urbaniak.eu\/wp-content\/uploads\/2025\/10\/Ducato1-scaled-1-2048x1536.jpg 2048w\" sizes=\"auto, (max-width: 1024px) 100vw, 1024px\" \/><\/figure>\n\n\n\n<figure class=\"wp-block-image size-large\"><img loading=\"lazy\" decoding=\"async\" width=\"768\" height=\"1024\" data-id=\"29\" src=\"https:\/\/pgypbzn.cluster021.hosting.ovh.net\/wp-content\/uploads\/2025\/10\/Ducato2-1-768x1024.jpg\" alt=\"\" class=\"wp-image-29\" srcset=\"https:\/\/urbaniak.eu\/wp-content\/uploads\/2025\/10\/Ducato2-1-768x1024.jpg 768w, https:\/\/urbaniak.eu\/wp-content\/uploads\/2025\/10\/Ducato2-1-225x300.jpg 225w, https:\/\/urbaniak.eu\/wp-content\/uploads\/2025\/10\/Ducato2-1-1152x1536.jpg 1152w, https:\/\/urbaniak.eu\/wp-content\/uploads\/2025\/10\/Ducato2-1.jpg 1383w\" sizes=\"auto, (max-width: 768px) 100vw, 768px\" \/><\/figure>\n\n\n\n<figure class=\"wp-block-image size-large\"><img loading=\"lazy\" decoding=\"async\" width=\"1000\" height=\"729\" data-id=\"28\" src=\"https:\/\/pgypbzn.cluster021.hosting.ovh.net\/wp-content\/uploads\/2025\/10\/140512_Panorama_People_65.jpg\" alt=\"\" class=\"wp-image-28\" srcset=\"https:\/\/urbaniak.eu\/wp-content\/uploads\/2025\/10\/140512_Panorama_People_65.jpg 1000w, https:\/\/urbaniak.eu\/wp-content\/uploads\/2025\/10\/140512_Panorama_People_65-300x219.jpg 300w, https:\/\/urbaniak.eu\/wp-content\/uploads\/2025\/10\/140512_Panorama_People_65-768x560.jpg 768w\" sizes=\"auto, (max-width: 1000px) 100vw, 1000px\" \/><\/figure>\n<\/figure>\n","protected":false},"excerpt":{"rendered":"<p>Transport mikrobusami\u2013 wygodnie, punktualnie, profesjonalnie Numer telefonu: +48 603 654 907 Email: biuro@urbaniak.eu Kontakt: O firmie:Przewozy Os\u00f3b S\u0142awomir Urbaniak dzia\u0142a od 1993 roku,oferuj\u0105c komfortowy transport mikrobusami w Polsce i za granic\u0119. Obs\u0142ugujemy wyjazdy firmowe, transfery na lotniska, imprezy okoliczno\u015bciowe oraz przewozy pracownicze. Nasz Fiat Ducato Panorama to 8 wygodnych foteli, klimatyzacja, gniazdka 230V i USB [&hellip;]<\/p>\n","protected":false},"author":1,"featured_media":0,"parent":0,"menu_order":0,"comment_status":"closed","ping_status":"open","template":"","meta":{"footnotes":""},"class_list":["post-2","page","type-page","status-publish","hentry"],"blocksy_meta":[],"aioseo_notices":[],"_links":{"self":[{"href":"https:\/\/urbaniak.eu\/index.php\/wp-json\/wp\/v2\/pages\/2","targetHints":{"allow":["GET"]}}],"collection":[{"href":"https:\/\/urbaniak.eu\/index.php\/wp-json\/wp\/v2\/pages"}],"about":[{"href":"https:\/\/urbaniak.eu\/index.php\/wp-json\/wp\/v2\/types\/page"}],"author":[{"embeddable":true,"href":"https:\/\/urbaniak.eu\/index.php\/wp-json\/wp\/v2\/users\/1"}],"replies":[{"embeddable":true,"href":"https:\/\/urbaniak.eu\/index.php\/wp-json\/wp\/v2\/comments?post=2"}],"version-history":[{"count":7,"href":"https:\/\/urbaniak.eu\/index.php\/wp-json\/wp\/v2\/pages\/2\/revisions"}],"predecessor-version":[{"id":47,"href":"https:\/\/urbaniak.eu\/index.php\/wp-json\/wp\/v2\/pages\/2\/revisions\/47"}],"wp:attachment":[{"href":"https:\/\/urbaniak.eu\/index.php\/wp-json\/wp\/v2\/media?parent=2"}],"curies":[{"name":"wp","href":"https:\/\/api.w.org\/{rel}","templated":true}]}}